{"id":654,"date":"2023-12-15T07:29:12","date_gmt":"2023-12-15T07:29:12","guid":{"rendered":"https:\/\/monornt.reformatus.hu\/?page_id=654"},"modified":"2023-12-15T07:37:30","modified_gmt":"2023-12-15T07:37:30","slug":"gyulekezeti-ujsag","status":"publish","type":"page","link":"https:\/\/monornt.reformatus.hu\/index.php\/gyulekezeti-ujsag\/","title":{"rendered":"Gy\u00fclekezeti \u00fajs\u00e1g"},"content":{"rendered":"\n<div data-wp-interactive=\"core\/file\" class=\"wp-block-file\"><object data-wp-bind--hidden=\"!state.hasPdfPreview\" hidden class=\"wp-block-file__embed\" data=\"https:\/\/monornt.reformatus.hu\/wp-content\/uploads\/2023\/12\/A-csend-szavai-2023-karacsony.pdf\" type=\"application\/pdf\" style=\"width:100%;height:600px\" aria-label=\"A-csend-szavai-2023-karacsony be\u00e1gyaz\u00e1sa be\u00e1gyaz\u00e1sa\"><\/object><a href=\"https:\/\/monornt.reformatus.hu\/wp-content\/uploads\/2023\/12\/A-csend-szavai-2023-karacsony.pdf\">A-csend-szavai-2023-karacsony<\/a><a href=\"https:\/\/monornt.reformatus.hu\/wp-content\/uploads\/2023\/12\/A-csend-szavai-2023-karacsony.pdf\" class=\"wp-block-file__button\" download>Let\u00f6lt\u00e9s<\/a><\/div>\n","protected":false},"excerpt":{"rendered":"","protected":false},"author":1,"featured_media":0,"parent":0,"menu_order":0,"comment_status":"closed","ping_status":"closed","template":"","meta":{"_monsterinsights_skip_tracking":false,"_monsterinsights_sitenote_active":false,"_monsterinsights_sitenote_note":"","_monsterinsights_sitenote_category":0,"footnotes":""},"class_list":["entry","page","publish","author-monornt","post-654"],"jetpack_sharing_enabled":true,"_links":{"self":[{"href":"https:\/\/monornt.reformatus.hu\/index.php\/wp-json\/wp\/v2\/pages\/654","targetHints":{"allow":["GET"]}}],"collection":[{"href":"https:\/\/monornt.reformatus.hu\/index.php\/wp-json\/wp\/v2\/pages"}],"about":[{"href":"https:\/\/monornt.reformatus.hu\/index.php\/wp-json\/wp\/v2\/types\/page"}],"author":[{"embeddable":true,"href":"https:\/\/monornt.reformatus.hu\/index.php\/wp-json\/wp\/v2\/users\/1"}],"replies":[{"embeddable":true,"href":"https:\/\/monornt.reformatus.hu\/index.php\/wp-json\/wp\/v2\/comments?post=654"}],"version-history":[{"count":3,"href":"https:\/\/monornt.reformatus.hu\/index.php\/wp-json\/wp\/v2\/pages\/654\/revisions"}],"predecessor-version":[{"id":660,"href":"https:\/\/monornt.reformatus.hu\/index.php\/wp-json\/wp\/v2\/pages\/654\/revisions\/660"}],"wp:attachment":[{"href":"https:\/\/monornt.reformatus.hu\/index.php\/wp-json\/wp\/v2\/media?parent=654"}],"curies":[{"name":"wp","href":"https:\/\/api.w.org\/{rel}","templated":true}]}}