{"id":47,"date":"2019-09-26T09:24:12","date_gmt":"2019-09-26T09:24:12","guid":{"rendered":"https:\/\/monornt.reformatus.hu\/wordpress\/?page_id=47"},"modified":"2024-12-06T21:44:48","modified_gmt":"2024-12-06T21:44:48","slug":"elerhetosegek","status":"publish","type":"page","link":"https:\/\/monornt.reformatus.hu\/index.php\/elerhetosegek\/","title":{"rendered":"El\u00e9rhet\u0151s\u00e9gek"},"content":{"rendered":"\n<p class=\"has-medium-font-size\">Monor-Nagytemplomi Reform\u00e1tus Gy\u00fclekezet<br>2200 Monor<br>K\u00e1lvin t\u00e9r 1.<br>Tel.: 29\/412-638 (hivatali id\u0151ben)<br>monornagytemplom.ref [ kukac ] gmail.com<\/p>\n\n\n\n<p class=\"has-medium-font-size\"><strong>A lelk\u00e9szi hivatal nyitva tart\u00e1sa:<\/strong><br>Kedd: 8-11<br>P\u00e9ntek: 8-11<\/p>\n\n\n\n<p class=\"has-medium-font-size\">Hivatali id\u0151ben id\u0151pont egyeztethet\u0151 a vezet\u00e9kes telefonon<br>Tel: 29\/412-638<br>Szem\u00e9lyes besz\u00e9lget\u00e9sek mobiltelefonon egyeztethet\u0151k a lelkip\u00e1sztorokkal (ld. al\u00e1bb).<\/p>\n\n\n\n<p class=\"has-medium-font-size\"><strong><span style=\"text-decoration: underline;\">Lelkip\u00e1sztorok:<\/span><\/strong><\/p>\n\n\n\n<ul class=\"has-medium-font-size wp-block-list\">\n<li> <strong>Schaller Tam\u00e1s<\/strong><br>&nbsp;&nbsp;&nbsp; 30\/637-3197<\/li>\n\n\n\n<li><strong> Schallern\u00e9 \u00c9les T\u00edmea<\/strong><br>&nbsp;  30\/637-3182<\/li>\n\n\n\n<li><strong>B\u00e1r\u00e1ny Zolt\u00e1n<\/strong><br>   70\/619-5830<\/li>\n<\/ul>\n\n\n\n<p class=\"has-medium-font-size\"><span style=\"text-decoration: underline;\"><strong>Gy\u00fclekezet f\u0151gondnoka<\/strong>:<\/span><br><strong>Demk\u00f3 Kriszti\u00e1n<\/strong><br>20\/390-5657<br>krisztian.demko [ kukac ] gmail.com<\/p>\n\n\n\n<p class=\"has-medium-font-size\"><strong>Banksz\u00e1mlasz\u00e1munk<\/strong>: <strong>65100015-10012473 <\/strong><\/p>\n\n\n\n<p class=\"has-medium-font-size\"><strong>Alap\u00edtv\u00e1ny<\/strong>:<br>DR. F\u00d3NYAD DEZS\u0150 EML\u00c9K\u00c9RE KULTUR\u00c1LIS \u00c9S VALL\u00c1SI C\u00c9L\u00da ALAP\u00cdTV\u00c1NY<br>ad\u00f3sz\u00e1ma: 18666739-1-13<\/p>\n","protected":false},"excerpt":{"rendered":"<p>Monor-Nagytemplomi Reform\u00e1tus Gy\u00fclekezet2200 MonorK\u00e1lvin t\u00e9r 1.Tel.: 29\/412-638 (hivatali id\u0151ben)monornagytemplom.ref [ kukac ] gmail.com A lelk\u00e9szi hivatal nyitva tart\u00e1sa:Kedd: 8-11P\u00e9ntek: 8-11 Hivatali id\u0151ben id\u0151pont egyeztethet\u0151 a vezet\u00e9kes telefononTel: 29\/412-638Szem\u00e9lyes besz\u00e9lget\u00e9sek mobiltelefonon egyeztethet\u0151k a lelkip\u00e1sztorokkal (ld. al\u00e1bb). Lelkip\u00e1sztorok: Gy\u00fclekezet f\u0151gondnoka:Demk\u00f3 Kriszti\u00e1n20\/390-5657krisztian.demko [ kukac ] gmail.com Banksz\u00e1mlasz\u00e1munk: 65100015-10012473 Alap\u00edtv\u00e1ny:DR. F\u00d3NYAD DEZS\u0150 EML\u00c9K\u00c9RE KULTUR\u00c1LIS \u00c9S VALL\u00c1SI C\u00c9L\u00da ALAP\u00cdTV\u00c1NYad\u00f3sz\u00e1ma: 18666739-1-13<\/p>\n","protected":false},"author":1,"featured_media":0,"parent":0,"menu_order":0,"comment_status":"closed","ping_status":"closed","template":"","meta":{"_monsterinsights_skip_tracking":false,"_monsterinsights_sitenote_active":false,"_monsterinsights_sitenote_note":"","_monsterinsights_sitenote_category":0,"footnotes":""},"class_list":["entry","page","publish","author-monornt","post-47"],"jetpack_sharing_enabled":true,"_links":{"self":[{"href":"https:\/\/monornt.reformatus.hu\/index.php\/wp-json\/wp\/v2\/pages\/47","targetHints":{"allow":["GET"]}}],"collection":[{"href":"https:\/\/monornt.reformatus.hu\/index.php\/wp-json\/wp\/v2\/pages"}],"about":[{"href":"https:\/\/monornt.reformatus.hu\/index.php\/wp-json\/wp\/v2\/types\/page"}],"author":[{"embeddable":true,"href":"https:\/\/monornt.reformatus.hu\/index.php\/wp-json\/wp\/v2\/users\/1"}],"replies":[{"embeddable":true,"href":"https:\/\/monornt.reformatus.hu\/index.php\/wp-json\/wp\/v2\/comments?post=47"}],"version-history":[{"count":17,"href":"https:\/\/monornt.reformatus.hu\/index.php\/wp-json\/wp\/v2\/pages\/47\/revisions"}],"predecessor-version":[{"id":721,"href":"https:\/\/monornt.reformatus.hu\/index.php\/wp-json\/wp\/v2\/pages\/47\/revisions\/721"}],"wp:attachment":[{"href":"https:\/\/monornt.reformatus.hu\/index.php\/wp-json\/wp\/v2\/media?parent=47"}],"curies":[{"name":"wp","href":"https:\/\/api.w.org\/{rel}","templated":true}]}}