{"id":422,"date":"2022-01-19T07:58:43","date_gmt":"2022-01-19T07:58:43","guid":{"rendered":"https:\/\/monornt.reformatus.hu\/wordpress\/?page_id=422"},"modified":"2022-01-24T11:12:16","modified_gmt":"2022-01-24T11:12:16","slug":"szeretetszolgalat","status":"publish","type":"page","link":"https:\/\/monornt.reformatus.hu\/index.php\/szeretetszolgalat\/","title":{"rendered":"Szeretetszolg\u00e1lat"},"content":{"rendered":"\n<p><strong>Diak\u00f3nia a gy\u00fclekezet\u00fcnkben<\/strong><\/p>\n\n\n\n<p><em>&#8230; az Emberfia sem az\u00e9rt j\u00f6tt, hogy neki szolg\u00e1ljanak, hanem hogy \u0151 szolg\u00e1ljon, \u00e9s \u00e9let\u00e9t adja v\u00e1lts\u00e1gul sokak\u00e9rt. <\/em>(Mk 10,45)<\/p>\n\n\n\n<p class=\"has-black-color has-text-color\">A diak\u00f3nia nem j\u00f3t\u00e9konykod\u00e1s, humanit\u00e1rius cselekedet, hanem Isten szolg\u00e1lata az emberen kereszt\u00fcl, amit nem j\u00f3cselekedetk\u00e9nt, vagy l\u00e1tszatb\u00f3l v\u00e9gz\u00fcnk. A diak\u00f3nia helyes \u00e9rtelmez\u00e9s\u00e9ben fontos megeml\u00edteni, hogy a sz\u00f3 g\u00f6r\u00f6g eredet\u0171, amelynek alap jelent\u00e9s\u00e9ben benne van a szolg\u00e1lat. J\u00e9zus szavainak megism\u00e9tl\u00e9sekor k\u00e9tszer tal\u00e1lkozunk a sz\u00f3val az evang\u00e9liumokban, amelyek \u00fagy gondolom, j\u00f3l k\u00f6r\u00fcl\u00edrj\u00e1k, hogy val\u00f3ban mi is az Isten szerinti diak\u00f3nia: \u201e<em>Mert az Emberfia sem az\u00e9rt j\u00f6tt, hogy neki szolg\u00e1ljanak, hanem hogy \u0151 szolg\u00e1ljon, \u00e9s \u00e9let\u00e9t adja v\u00e1lts\u00e1gul sokak\u00e9rt.\u201d<\/em> (M\u00e1t\u00e9 20, 28), <em>Mert ki a nagyobb? Az, aki asztaln\u00e1l \u00fcl, vagy aki szolg\u00e1l? Ugye az, aki asztaln\u00e1l \u00fcl? \u00c9n pedig olyan vagyok k\u00f6z\u00f6ttetek, mint aki szolg\u00e1l. <\/em>( Luk\u00e1cs 22, 27)<\/p>\n\n\n\n<p class=\"has-black-color has-text-color\">Hol a hely\u00fcnk nek\u00fcnk mindebben? Hadd legyen seg\u00edts\u00e9gemre <em>Cseri K\u00e1lm\u00e1n<\/em> reform\u00e1tus lelkip\u00e1sztor elm\u00e9lked\u00e9se a szolg\u00e1latr\u00f3l. Aki hittel elfogadta J\u00e9zus Krisztus \u00e9rt\u00fcnk v\u00e9gzett szolg\u00e1lat\u00e1t, golgotai \u00e1ldozat\u00e1t, abban fel\u00e9bred a v\u00e1gy: h\u00e1l\u00e1b\u00f3l \u0151 is tenni akar valamit J\u00e9zus\u00e9rt, az evang\u00e9lium \u00fcgy\u00e9\u00e9rt, m\u00e1sok\u00e9rt. S ez a h\u00e1la az id\u0151 m\u00fal\u00e1s\u00e1val nem cs\u00f6kken, hanem n\u0151. Minden ilyen szolg\u00e1lat \u00f6nk\u00e9ntes \u00e9s v\u00e1lasz arra, amit J\u00e9zus adott nek\u00fcnk &#8211; sohasem \u00e9rdemszerz\u0151 jelent\u0151s\u00e9ge van (ahogyan erre fent \u00e9n is utaltam). Ebb\u0151l k\u00f6vetkezve a szolg\u00e1lat:<\/p>\n\n\n\n<p class=\"has-black-color has-text-color\">1. A szolg\u00e1lat nem alantas tev\u00e9kenys\u00e9g, hanem az \u00dar J\u00e9zus munk\u00e1j\u00e1ban val\u00f3&nbsp;<strong>r\u00e9szv\u00e9tel<\/strong>. \u0150 nem az\u00e9rt j\u00f6tt, hogy neki szolg\u00e1ljanak, hanem hogy \u0151 szolg\u00e1ljon. Aki teh\u00e1t szolg\u00e1l\u00f3 lelk\u00fclettel \u00e9l, az a legjobb t\u00e1rsas\u00e1gban van: J\u00e9zussal egy\u00fctt.<\/p>\n\n\n\n<p class=\"has-black-color has-text-color\">2. A szolg\u00e1lat nem alkalmi tev\u00e9kenys\u00e9g, hanem&nbsp;<strong>\u00e9letst\u00edlus<\/strong>. Isten gyermeke mindig k\u00e9sz Atyja parancs\u00e1t teljes\u00edteni, s mindig \u00e9szreveszi a sz\u00e1m\u00e1ra elk\u00e9sz\u00edtett feladatokat. J\u00e9zus eg\u00e9sz f\u00f6ldi \u00e9lete szolg\u00e1lat volt.<\/p>\n\n\n\n<p class=\"has-black-color has-text-color\">3. Aki J\u00e9zusnak szolg\u00e1l, az nem valamit ad neki, hanem&nbsp;<strong>\u00f6nmag\u00e1t adta<\/strong>&nbsp;oda m\u00e1r el\u0151bb. Ez\u00e9rt k\u00e9sz az ilyen ember b\u00e1rmilyen \u00e1ldozatra, mert ha magamat odaadtam, akkor m\u00e1r semmi sem dr\u00e1ga.<\/p>\n\n\n\n<p class=\"has-black-color has-text-color\">4. J\u00e9zus szolg\u00e1lat\u00e1nak l\u00e9nyege: mindig&nbsp;<strong>fontosabb a m\u00e1sik<\/strong>, mint \u00e9n. A diak\u00f3nia eredetileg az asztalok k\u00f6r\u00fcli szolg\u00e1lat volt. Ezt v\u00e9gezni azt jelentette: nem helyet foglalok, hanem hellyel k\u00edn\u00e1lok m\u00e1sokat. De j\u00f3 lenne \u00edgy jelen lenn\u00fcnk a h\u00e1zass\u00e1gban, csal\u00e1dban, idegenek k\u00f6z\u00f6tt!<\/p>\n\n\n\n<p class=\"has-black-color has-text-color\">5. Ha embereknek szolg\u00e1lunk, az akkor is az&nbsp;<strong>\u00darnak v\u00e9gzett szolg\u00e1lat<\/strong>. P\u00e1l m\u00e9g a rabszolg\u00e1kban is ezt tudatos\u00edtotta. Ez\u00e9rt a jutalmat is az \u00dart\u00f3l kapjuk: \u201eha valaki nekem szolg\u00e1l, azt megbecs\u00fcli az Atya.&#8221; (Jn 12,26)<\/p>\n\n\n\n<p class=\"has-black-color has-text-color\">\u00d6sszefoglal\u00f3an teh\u00e1t a diak\u00f3nia a megcselekedett hit, a kezek evang\u00e9liuma. A v\u00e9ghezvitt cselekedet nem a mi j\u00f3s\u00e1gunkr\u00f3l sz\u00f3l, hanem Isten j\u00f3s\u00e1g\u00e1ra, Isten szeretet\u00e9re, J\u00e9zusra kell, hogy mutasson! Minden diak\u00f3nia az Istennel val\u00f3 tal\u00e1lkoz\u00e1s lehet\u0151s\u00e9ge. Els\u0151dleges ter\u00fclete a diak\u00f3niai szolg\u00e1latnak maga a gy\u00fclekezet. N\u00e9zz\u00fck is meg teh\u00e1t, hogy konkr\u00e9tan, hogyan val\u00f3sul meg ez a mi gy\u00fclekezet\u00fcnkben:<\/p>\n\n\n\n<ul class=\"has-black-color has-text-color wp-block-list\"><li>K\u00fcl\u00f6nb\u00f6z\u0151 kiscsoportok (szerdai biblia\u00f3ra, cs\u00fct\u00f6rt\u00f6ki \u00f3ra)<\/li><li>Sms-es, telefonos, szem\u00e9lyes lelkigondoz\u00e1s<strong><\/strong><\/li><li>Id\u0151sek, r\u00e1szorul\u00f3k otthonukban val\u00f3 megkeres\u00e9se\/ l\u00e1togat\u00e1sa <strong><\/strong><\/li><li>gy\u00e1szol\u00f3 csal\u00e1dok \u00e9vfordul\u00f3j\u00e1nak sz\u00e1montart\u00e1sa<\/li><li>adom\u00e1nyok gy\u0171jt\u00e9se, sz\u00e1ll\u00edt\u00e1sa<\/li><li>Kr\u00edziscsomag a lelk\u00e9szi hivatalban, folyamatos felt\u00f6lt\u00e9s<\/li><li>Reform\u00e1tus Szeretetszolg\u00e1lat esem\u00e9nyeinek\/ akci\u00f3inak figyel\u00e9se, azokban r\u00e9szv\u00e9tel pl. Szereteth\u00edd, Rad\u00edrozzuk ki a k\u00fcl\u00f6nbs\u00e9geket!<\/li><li>Eseti, alkalmi, el\u0151re nem tervezhet\u0151 programokhoz csatlakoz\u00e1s<\/li><li>Diak\u00f3niai szolg\u00e1l\u00f3 csoport, vel\u00fck val\u00f3 kapcsolattart\u00e1s<\/li><li>2-szer egy h\u00f3napban Vigasztal\u00f3 szavak eljuttat\u00e1sa kb. 150 otthonba, Lelkip\u00e1sztorok \u00e9s a diak\u00f3nus \u00e1tgondolja, megtervezi a laporell\u00f3t, azoknak kihord\u00e1s\u00e1ba \u00f6nk\u00e9nteseket von be, az \u00f6nk\u00e9ntesekr\u0151l \u00e9s az \u00e1ltaluk v\u00e1llalt utc\u00e1kr\u00f3l list\u00e1t vezet<\/li><li>A gy\u00fclekezet diak\u00f3nusa t\u00e1j\u00e9koztatja a h\u00edveket a diak\u00f3niai tev\u00e9kenys\u00e9gekr\u0151l, szolg\u00e1lati lehet\u0151s\u00e9gekr\u0151l az istentisztelet keretein bel\u00fcl<\/li><li>Szeg\u00e9nyek sz\u00e1m\u00e1ra f\u0151z\u00e9s, egy-egy \u00f6nk\u00e9ntes csoport szervez\u00e9s\u00e9ben, r\u00e9szv\u00e9tel\u00e9vel&nbsp;<\/li><\/ul>\n\n\n\n<p class=\"has-black-color has-text-color\"><strong>Minden egyes konkr\u00e9t szolg\u00e1latban a c\u00e9l: Ak\u00e1r esztek teh\u00e1t, ak\u00e1r isztok, vagy b\u00e1rmi m\u00e1st tesztek, mindent Isten dics\u0151s\u00e9g\u00e9re tegyetek! ( 1 Kor 10:31)<\/strong><\/p>\n\n\n\n<p class=\"has-black-color has-text-color\">Azt gondolom, hogy a felsorolt tev\u00e9kenys\u00e9gek csak akkor tudnak val\u00f3ban Isten dics\u0151s\u00e9g\u00e9re megval\u00f3sulni, ha \u00e9l\u0151, szem\u00e9lyes kapcsolatunk van Istennel. A Vele val\u00f3 kapcsolatunk \u00e9s, hogy Benne Isten gyermekei vagyunk sokkal fontosabb, mint az \u00c9rte v\u00e9gzett szolg\u00e1lat. A szolg\u00e1latnak ebb\u0151l a kapcsolatb\u00f3l kell t\u00e1pl\u00e1lkoznia. Ez\u00e9rt mindenkit arra b\u00e1tor\u00edtok, hogy t\u00f6lts\u00f6n, ha lehet min\u00e9l t\u00f6bb id\u0151t Istennel. Semmib\u0151l sem szabad \u0150t kihagyni, amit v\u00e9gz\u00fcnk, \u00e9n is mik\u00f6zben ezeket a sorokat \u00edrom, Vele besz\u00e9lgetek \u00e9s k\u00e9rem, hogy vezessen engem. Els\u0151sorban er\u0151s\u00edts\u00fck meg a kapcsolatunkat az \u00darral, keress\u00fck a Vele val\u00f3 besz\u00e9lget\u00e9seket, \u00e9s ha ez megt\u00f6rt\u00e9nt, akkor k\u00e9rdezz\u00fck meg, hogy Uram mit szeretn\u00e9l, hogy cselekedjem a Te gyermekedk\u00e9nt? Im\u00e1dkozom, hogy n\u00f6vekedhess\u00fcnk a kegyelemben \u00e9s a mi Urunk megismer\u00e9s\u00e9ben.<\/p>\n\n\n\n<p class=\"has-black-color has-text-color\"><strong>Ui: Ne feledj\u00fck, J\u00e9zusnak csak teljes sz\u00edvb\u0151l lehet \u00f6r\u00f6mmel szolg\u00e1lni!<\/strong><\/p>\n\n\n\n<p class=\"has-black-color has-text-color\"><em>Hov\u00e1n Bogl\u00e1rka<\/em><br><em>diak\u00f3nus<\/em><\/p>\n","protected":false},"excerpt":{"rendered":"<p>Diak\u00f3nia a gy\u00fclekezet\u00fcnkben &#8230; az Emberfia sem az\u00e9rt j\u00f6tt, hogy neki szolg\u00e1ljanak, hanem hogy \u0151 szolg\u00e1ljon, \u00e9s \u00e9let\u00e9t adja v\u00e1lts\u00e1gul sokak\u00e9rt. (Mk 10,45) A diak\u00f3nia nem j\u00f3t\u00e9konykod\u00e1s, humanit\u00e1rius cselekedet, hanem Isten szolg\u00e1lata az emberen kereszt\u00fcl, amit nem j\u00f3cselekedetk\u00e9nt, vagy l\u00e1tszatb\u00f3l v\u00e9gz\u00fcnk. A diak\u00f3nia helyes \u00e9rtelmez\u00e9s\u00e9ben fontos megeml\u00edteni, hogy a sz\u00f3 g\u00f6r\u00f6g eredet\u0171, amelynek alap jelent\u00e9s\u00e9ben &#8230; <span class=\"more\"><a class=\"more-link\" href=\"https:\/\/monornt.reformatus.hu\/index.php\/szeretetszolgalat\/\">[Read more&#8230;]<\/a><\/span><\/p>\n","protected":false},"author":1,"featured_media":0,"parent":0,"menu_order":0,"comment_status":"closed","ping_status":"closed","template":"","meta":{"_monsterinsights_skip_tracking":false,"_monsterinsights_sitenote_active":false,"_monsterinsights_sitenote_note":"","_monsterinsights_sitenote_category":0,"footnotes":""},"class_list":["entry","page","publish","author-monornt","post-422"],"jetpack_sharing_enabled":true,"_links":{"self":[{"href":"https:\/\/monornt.reformatus.hu\/index.php\/wp-json\/wp\/v2\/pages\/422","targetHints":{"allow":["GET"]}}],"collection":[{"href":"https:\/\/monornt.reformatus.hu\/index.php\/wp-json\/wp\/v2\/pages"}],"about":[{"href":"https:\/\/monornt.reformatus.hu\/index.php\/wp-json\/wp\/v2\/types\/page"}],"author":[{"embeddable":true,"href":"https:\/\/monornt.reformatus.hu\/index.php\/wp-json\/wp\/v2\/users\/1"}],"replies":[{"embeddable":true,"href":"https:\/\/monornt.reformatus.hu\/index.php\/wp-json\/wp\/v2\/comments?post=422"}],"version-history":[{"count":4,"href":"https:\/\/monornt.reformatus.hu\/index.php\/wp-json\/wp\/v2\/pages\/422\/revisions"}],"predecessor-version":[{"id":432,"href":"https:\/\/monornt.reformatus.hu\/index.php\/wp-json\/wp\/v2\/pages\/422\/revisions\/432"}],"wp:attachment":[{"href":"https:\/\/monornt.reformatus.hu\/index.php\/wp-json\/wp\/v2\/media?parent=422"}],"curies":[{"name":"wp","href":"https:\/\/api.w.org\/{rel}","templated":true}]}}