{"id":257,"date":"2021-02-09T07:38:01","date_gmt":"2021-02-09T07:38:01","guid":{"rendered":"https:\/\/monornt.reformatus.hu\/wordpress\/?page_id=257"},"modified":"2022-06-18T07:56:51","modified_gmt":"2022-06-18T07:56:51","slug":"bibliai-tanfolyam","status":"publish","type":"page","link":"https:\/\/monornt.reformatus.hu\/index.php\/bibliai-tanfolyam\/","title":{"rendered":"Bibliai tanfolyam"},"content":{"rendered":"\n<p>Havi rendszeress\u00e9ggel bibliai t\u00e9m\u00e1j\u00fa el\u0151ad\u00e1sokra v\u00e1rjuk a gy\u00fclekezeti tagjainkat, amelyek keret\u00e9ben tematikusan dolgozn\u00e1nk fel a Szent\u00edr\u00e1s egy-egy tan\u00edt\u00e1s\u00e1t. A 2022-es \u00e9vben a k\u00f6vetkez\u0151 el\u0151ad\u00e1sokra k\u00e9sz\u00fcl\u00fcnk:<\/p>\n\n\n\n<p>Janu\u00e1r \u2013 A s\u00e1t\u00e1n titka<\/p>\n\n\n\n<p>Febru\u00e1r \u2013 Mi az igaz hit?<\/p>\n\n\n\n<p>M\u00e1rcius \u2013 \u00d3 \u00e9s \u00faj ember harca<\/p>\n\n\n\n<p>\u00c1prilis \u2013 Isten \u00f6r\u00f6k sz\u00f6vets\u00e9ge<\/p>\n\n\n\n<p>M\u00e1jus \u2013 Az \u00fajj\u00e1sz\u00fclet\u00e9s<\/p>\n\n\n\n<p>J\u00fanius \u2013 Az egyh\u00e1z<\/p>\n\n\n\n<p>Szeptember \u2013 Tan\u00edtv\u00e1nys\u00e1g<\/p>\n\n\n\n<p>Okt\u00f3ber \u2013 Humanizmus<\/p>\n\n\n\n<p>November \u2013 C\u00e9ltudatos gy\u00fclekezet<\/p>\n\n\n\n<p>December \u2013 Vezet\u0151k kiv\u00e1laszt\u00e1sa<\/p>\n\n\n\n<p><\/p>\n\n\n\n<p><strong>Az elhangzott el\u0151ad\u00e1sok anyaga itt tal\u00e1lhat\u00f3k:<\/strong><\/p>\n\n\n\n<div class=\"wp-block-file\"><a href=\"https:\/\/monornt.reformatus.hu\/wp-content\/uploads\/2022\/02\/Menny-es-pokol.pptx\">Menny-es-pokol<\/a><a href=\"https:\/\/monornt.reformatus.hu\/wp-content\/uploads\/2022\/02\/Menny-es-pokol.pptx\" class=\"wp-block-file__button\" download>Let\u00f6lt\u00e9s<\/a><\/div>\n\n\n\n<div class=\"wp-block-file\"><a href=\"https:\/\/monornt.reformatus.hu\/wordpress\/wp-content\/uploads\/2022\/01\/A-Satan-miszteriuma.doc\">A-Satan-miszteriuma<\/a><a href=\"https:\/\/monornt.reformatus.hu\/wordpress\/wp-content\/uploads\/2022\/01\/A-Satan-miszteriuma.doc\" class=\"wp-block-file__button\" download>Let\u00f6lt\u00e9s<\/a><\/div>\n\n\n\n<div class=\"wp-block-file\"><a href=\"https:\/\/monornt.reformatus.hu\/wordpress\/wp-content\/uploads\/2022\/01\/A-Satan-titka.ppt\">A-Satan-titka<\/a><a href=\"https:\/\/monornt.reformatus.hu\/wordpress\/wp-content\/uploads\/2022\/01\/A-Satan-titka.ppt\" class=\"wp-block-file__button\" download>Let\u00f6lt\u00e9s<\/a><\/div>\n\n\n\n<div class=\"wp-block-file\"><a href=\"https:\/\/monornt.reformatus.hu\/wp-content\/uploads\/2022\/02\/Mi-az-igaz-hit.pptx\">Mi-az-igaz-hit<\/a><a href=\"https:\/\/monornt.reformatus.hu\/wp-content\/uploads\/2022\/02\/Mi-az-igaz-hit.pptx\" class=\"wp-block-file__button\" download>Let\u00f6lt\u00e9s<\/a><\/div>\n\n\n\n<div class=\"wp-block-file\"><a href=\"https:\/\/monornt.reformatus.hu\/wp-content\/uploads\/2022\/03\/Az-o-es-uj-ember-harca.pptx\">Az-o-es-uj-ember-harca<\/a><a href=\"https:\/\/monornt.reformatus.hu\/wp-content\/uploads\/2022\/03\/Az-o-es-uj-ember-harca.pptx\" class=\"wp-block-file__button\" download>Let\u00f6lt\u00e9s<\/a><\/div>\n\n\n\n<div class=\"wp-block-file\"><a href=\"https:\/\/monornt.reformatus.hu\/wp-content\/uploads\/2022\/06\/Az-egyhaz.pptx\">Az-egyhaz<\/a><a href=\"https:\/\/monornt.reformatus.hu\/wp-content\/uploads\/2022\/06\/Az-egyhaz.pptx\" class=\"wp-block-file__button\" download>Let\u00f6lt\u00e9s<\/a><\/div>\n","protected":false},"excerpt":{"rendered":"<p>Havi rendszeress\u00e9ggel bibliai t\u00e9m\u00e1j\u00fa el\u0151ad\u00e1sokra v\u00e1rjuk a gy\u00fclekezeti tagjainkat, amelyek keret\u00e9ben tematikusan dolgozn\u00e1nk fel a Szent\u00edr\u00e1s egy-egy tan\u00edt\u00e1s\u00e1t. A 2022-es \u00e9vben a k\u00f6vetkez\u0151 el\u0151ad\u00e1sokra k\u00e9sz\u00fcl\u00fcnk: Janu\u00e1r \u2013 A s\u00e1t\u00e1n titka Febru\u00e1r \u2013 Mi az igaz hit? M\u00e1rcius \u2013 \u00d3 \u00e9s \u00faj ember harca \u00c1prilis \u2013 Isten \u00f6r\u00f6k sz\u00f6vets\u00e9ge M\u00e1jus \u2013 Az \u00fajj\u00e1sz\u00fclet\u00e9s J\u00fanius \u2013 Az &#8230; <span class=\"more\"><a class=\"more-link\" href=\"https:\/\/monornt.reformatus.hu\/index.php\/bibliai-tanfolyam\/\">[Read more&#8230;]<\/a><\/span><\/p>\n","protected":false},"author":1,"featured_media":0,"parent":0,"menu_order":0,"comment_status":"closed","ping_status":"closed","template":"","meta":{"_monsterinsights_skip_tracking":false,"_monsterinsights_sitenote_active":false,"_monsterinsights_sitenote_note":"","_monsterinsights_sitenote_category":0,"footnotes":""},"class_list":["entry","page","publish","author-monornt","post-257"],"jetpack_sharing_enabled":true,"_links":{"self":[{"href":"https:\/\/monornt.reformatus.hu\/index.php\/wp-json\/wp\/v2\/pages\/257","targetHints":{"allow":["GET"]}}],"collection":[{"href":"https:\/\/monornt.reformatus.hu\/index.php\/wp-json\/wp\/v2\/pages"}],"about":[{"href":"https:\/\/monornt.reformatus.hu\/index.php\/wp-json\/wp\/v2\/types\/page"}],"author":[{"embeddable":true,"href":"https:\/\/monornt.reformatus.hu\/index.php\/wp-json\/wp\/v2\/users\/1"}],"replies":[{"embeddable":true,"href":"https:\/\/monornt.reformatus.hu\/index.php\/wp-json\/wp\/v2\/comments?post=257"}],"version-history":[{"count":7,"href":"https:\/\/monornt.reformatus.hu\/index.php\/wp-json\/wp\/v2\/pages\/257\/revisions"}],"predecessor-version":[{"id":524,"href":"https:\/\/monornt.reformatus.hu\/index.php\/wp-json\/wp\/v2\/pages\/257\/revisions\/524"}],"wp:attachment":[{"href":"https:\/\/monornt.reformatus.hu\/index.php\/wp-json\/wp\/v2\/media?parent=257"}],"curies":[{"name":"wp","href":"https:\/\/api.w.org\/{rel}","templated":true}]}}