{"id":256,"date":"2021-02-09T07:38:01","date_gmt":"2021-02-09T07:38:01","guid":{"rendered":"https:\/\/monornt.reformatus.hu\/wordpress\/?page_id=256"},"modified":"2022-01-19T07:52:43","modified_gmt":"2022-01-19T07:52:43","slug":"lelkigondozoi-szolgalat","status":"publish","type":"page","link":"https:\/\/monornt.reformatus.hu\/index.php\/lelkigondozoi-szolgalat\/","title":{"rendered":"Lelkigondoz\u00f3i szolg\u00e1lat"},"content":{"rendered":"\n<p>Lehet k\u00e9rni lelkigondoz\u00f3i besz\u00e9lget\u00e9st a lelkip\u00e1sztorokt\u00f3l, hitbeli, szem\u00e9lyes, csal\u00e1di \u00e9s egy\u00e9b k\u00e9rd\u00e9sek megbesz\u00e9l\u00e9s\u00e9re \u2013 egyeztetett id\u0151pontban.<\/p>\n","protected":false},"excerpt":{"rendered":"<p>Lehet k\u00e9rni lelkigondoz\u00f3i besz\u00e9lget\u00e9st a lelkip\u00e1sztorokt\u00f3l, hitbeli, szem\u00e9lyes, csal\u00e1di \u00e9s egy\u00e9b k\u00e9rd\u00e9sek megbesz\u00e9l\u00e9s\u00e9re \u2013 egyeztetett id\u0151pontban.<\/p>\n","protected":false},"author":1,"featured_media":0,"parent":0,"menu_order":0,"comment_status":"closed","ping_status":"closed","template":"","meta":{"_monsterinsights_skip_tracking":false,"_monsterinsights_sitenote_active":false,"_monsterinsights_sitenote_note":"","_monsterinsights_sitenote_category":0,"footnotes":""},"class_list":["entry","page","publish","author-monornt","post-256"],"jetpack_sharing_enabled":true,"_links":{"self":[{"href":"https:\/\/monornt.reformatus.hu\/index.php\/wp-json\/wp\/v2\/pages\/256","targetHints":{"allow":["GET"]}}],"collection":[{"href":"https:\/\/monornt.reformatus.hu\/index.php\/wp-json\/wp\/v2\/pages"}],"about":[{"href":"https:\/\/monornt.reformatus.hu\/index.php\/wp-json\/wp\/v2\/types\/page"}],"author":[{"embeddable":true,"href":"https:\/\/monornt.reformatus.hu\/index.php\/wp-json\/wp\/v2\/users\/1"}],"replies":[{"embeddable":true,"href":"https:\/\/monornt.reformatus.hu\/index.php\/wp-json\/wp\/v2\/comments?post=256"}],"version-history":[{"count":2,"href":"https:\/\/monornt.reformatus.hu\/index.php\/wp-json\/wp\/v2\/pages\/256\/revisions"}],"predecessor-version":[{"id":417,"href":"https:\/\/monornt.reformatus.hu\/index.php\/wp-json\/wp\/v2\/pages\/256\/revisions\/417"}],"wp:attachment":[{"href":"https:\/\/monornt.reformatus.hu\/index.php\/wp-json\/wp\/v2\/media?parent=256"}],"curies":[{"name":"wp","href":"https:\/\/api.w.org\/{rel}","templated":true}]}}