{"id":250,"date":"2021-02-09T07:38:01","date_gmt":"2021-02-09T07:38:01","guid":{"rendered":"https:\/\/monornt.reformatus.hu\/wordpress\/?page_id=250"},"modified":"2021-10-12T08:57:03","modified_gmt":"2021-10-12T08:57:03","slug":"vasarnapi-alkalmak","status":"publish","type":"page","link":"https:\/\/monornt.reformatus.hu\/index.php\/vasarnapi-alkalmak\/","title":{"rendered":"Vas\u00e1rnapi alkalmak"},"content":{"rendered":"\n<p>K\u00f6z\u00f6ss\u00e9g\u00fcnk \u00e9let\u00e9nek meghat\u00e1roz\u00f3 tal\u00e1lkoz\u00e1sa a vas\u00e1rnaponk\u00e9nt d\u00e9lel\u0151tt 10 \u00f3rakor tartott <strong>templomi istentisztelet<\/strong>. Istennel, az \u0150 \u00fczenet\u00e9vel \u2013 a Biblia \u00fczenet\u00e9ben \u00e9s az igehirdet\u00e9sben &#8211; \u00e9s az egym\u00e1ssal val\u00f3 tal\u00e1lkoz\u00e1s alkalma.&nbsp; \u00c9vtizedek \u00f3ta k\u00f6z\u00e9nk j\u00e1r\u00f3kat, az \u00e9let nagy k\u00e9rd\u00e9seire v\u00e1laszt keres\u0151ket vagy \u00e9rdekl\u0151d\u0151ket egyar\u00e1nt nagy szeretettel v\u00e1rjuk. Hissz\u00fck \u201ea hit hall\u00e1sb\u00f3l van, a hall\u00e1s pedig Isten Ig\u00e9je \u00e1ltal\u201d (R\u00f3mai lev\u00e9l 10,17.).<br><strong>A feln\u0151tt istentisztelettel p\u00e1rhuzamosan a gyermekeknek p\u00e1rhuzamos alkalmakat<\/strong> tartunk, sz\u00e1mukra elk\u00e9sz\u00edtett szob\u00e1inkban. A csal\u00e1dok egy\u00fctt j\u00f6hetnek vas\u00e1rnaponk\u00e9nt a templomba, de nem kell a gyerekeknek feszengenie, a sz\u00e1mukra idegen feln\u0151tt alkalmon, a sz\u00fcl\u0151k pedig b\u00e1tran elengedhetik \u0151ket saj\u00e1t korcsoportjuk alkalm\u00e1ra. Egy\u00fctt tal\u00e1lkozunk a templomi istentiszteleten, majd onnan mennek \u00e1t a gyerekek az alkalmaikra.<br><strong>A legkisebbeknek gyermekmeg\u0151rz\u0151t<\/strong> tartunk, sz\u00e1mukra k\u00e9sz\u00fclt szob\u00e1ban. Az \u00f3vod\u00e1s \u00e9s \u00e1ltal\u00e1nos iskol\u00e1sa kor\u00faaknak h\u00e1rom korcsoportban vannak minden vas\u00e1rnap alkalmaink.<\/p>\n\n\n\n<p>Az istentisztelet el\u0151tt 9 \u00f3rakor <strong>imak\u00f6z\u00f6ss\u00e9g<\/strong>en tal\u00e1lkozunk.<br><br>Egyh\u00e1zi \u00fcnnepeinket, <strong>\u00farvacsor\u00e1s alkalmainkat megel\u0151z\u0151 h\u00e9ten<\/strong>, keddt\u0151l p\u00e9ntekig, est\u00e9nk\u00e9nt 6 \u00f3rakor tartunk istentiszteletet.<\/p>\n\n\n\n<h5 class=\"wp-block-heading\">Egyh\u00e1zi \u00fcnnepeink els\u0151 \u00e9s m\u00e1sodnapj\u00e1n is tartunk d\u00e9lel\u0151tt 10 \u00f3rakor \u00farvacsor\u00e1s istentiszteleteket.<\/h5>\n\n\n\n<p>A monori <strong>gondoz\u00e1si k\u00f6zpontban<\/strong> minden h\u00f3nap harmadik keddj\u00e9n d\u00e9lel\u0151tt 10 \u00f3r\u00e1t\u00f3l tal\u00e1lkozhatunk.<\/p>\n","protected":false},"excerpt":{"rendered":"<p>K\u00f6z\u00f6ss\u00e9g\u00fcnk \u00e9let\u00e9nek meghat\u00e1roz\u00f3 tal\u00e1lkoz\u00e1sa a vas\u00e1rnaponk\u00e9nt d\u00e9lel\u0151tt 10 \u00f3rakor tartott templomi istentisztelet. Istennel, az \u0150 \u00fczenet\u00e9vel \u2013 a Biblia \u00fczenet\u00e9ben \u00e9s az igehirdet\u00e9sben &#8211; \u00e9s az egym\u00e1ssal val\u00f3 tal\u00e1lkoz\u00e1s alkalma.&nbsp; \u00c9vtizedek \u00f3ta k\u00f6z\u00e9nk j\u00e1r\u00f3kat, az \u00e9let nagy k\u00e9rd\u00e9seire v\u00e1laszt keres\u0151ket vagy \u00e9rdekl\u0151d\u0151ket egyar\u00e1nt nagy szeretettel v\u00e1rjuk. Hissz\u00fck \u201ea hit hall\u00e1sb\u00f3l van, a hall\u00e1s pedig Isten &#8230; <span class=\"more\"><a class=\"more-link\" href=\"https:\/\/monornt.reformatus.hu\/index.php\/vasarnapi-alkalmak\/\">[Read more&#8230;]<\/a><\/span><\/p>\n","protected":false},"author":1,"featured_media":0,"parent":0,"menu_order":0,"comment_status":"closed","ping_status":"closed","template":"","meta":{"_monsterinsights_skip_tracking":false,"_monsterinsights_sitenote_active":false,"_monsterinsights_sitenote_note":"","_monsterinsights_sitenote_category":0,"footnotes":""},"class_list":["entry","page","publish","author-monornt","post-250"],"jetpack_sharing_enabled":true,"_links":{"self":[{"href":"https:\/\/monornt.reformatus.hu\/index.php\/wp-json\/wp\/v2\/pages\/250","targetHints":{"allow":["GET"]}}],"collection":[{"href":"https:\/\/monornt.reformatus.hu\/index.php\/wp-json\/wp\/v2\/pages"}],"about":[{"href":"https:\/\/monornt.reformatus.hu\/index.php\/wp-json\/wp\/v2\/types\/page"}],"author":[{"embeddable":true,"href":"https:\/\/monornt.reformatus.hu\/index.php\/wp-json\/wp\/v2\/users\/1"}],"replies":[{"embeddable":true,"href":"https:\/\/monornt.reformatus.hu\/index.php\/wp-json\/wp\/v2\/comments?post=250"}],"version-history":[{"count":2,"href":"https:\/\/monornt.reformatus.hu\/index.php\/wp-json\/wp\/v2\/pages\/250\/revisions"}],"predecessor-version":[{"id":382,"href":"https:\/\/monornt.reformatus.hu\/index.php\/wp-json\/wp\/v2\/pages\/250\/revisions\/382"}],"wp:attachment":[{"href":"https:\/\/monornt.reformatus.hu\/index.php\/wp-json\/wp\/v2\/media?parent=250"}],"curies":[{"name":"wp","href":"https:\/\/api.w.org\/{rel}","templated":true}]}}