{"id":249,"date":"2021-02-09T07:38:01","date_gmt":"2021-02-09T07:38:01","guid":{"rendered":"https:\/\/monornt.reformatus.hu\/wordpress\/?page_id=249"},"modified":"2022-01-25T15:55:56","modified_gmt":"2022-01-25T15:55:56","slug":"kezdolap","status":"publish","type":"page","link":"https:\/\/monornt.reformatus.hu\/","title":{"rendered":"Kezd\u0151lap"},"content":{"rendered":"\n<h1 class=\"wp-block-heading\"><strong>\u00c1ld\u00e1ss\u00e1 lenni a vil\u00e1gnak.<\/strong><\/h1>\n\n\n\n<p class=\"has-black-color has-text-color has-medium-font-size\">\u201cAz\u00e9rt j\u00f6tt az Embernek Fia, hogy megkeresse \u00e9s megtartsa az elveszettet.\u201d Luk\u00e1cs 19,10<\/p>\n\n\n\n<p class=\"has-black-color has-text-color has-medium-font-size\">Szeretettel k\u00f6sz\u00f6ntj\u00fck a Monor-Nagytemplomi Reform\u00e1tus Gy\u00fclekezet nev\u00e9ben. K\u00f6sz\u00f6nj\u00fck, hogy id\u0151t sz\u00e1n r\u00e1nk. <br>Abban a korban, amikor kapcsolataink csal\u00e1dtagjainkkal, munkat\u00e1rsainkkal, bar\u00e1tainkkal \u00e9s Istennel is v\u00e1ls\u00e1gon megy \u00e1t, amikor a lelki probl\u00e9m\u00e1k sokszor el\u0151j\u00f6nnek, tudjuk, VAN MEGOLD\u00c1S! K\u00f6z\u00f6ss\u00e9g\u00fcnkben szeretn\u00e9nk, hogy egyre t\u00f6bben r\u00e1tal\u00e1ljanak erre az egyed\u00fcli megold\u00e1sra, meg\u00e9rts\u00e9k Isten \u00f6r\u00f6mh\u00edr\u00e9t \u00e9s megismerj\u00e9k J\u00e9zus Krisztust. Szolg\u00e1latainkban arra t\u00f6reksz\u00fcnk, hogy gyermekeink, id\u0151sek, ifjak \u00e9s k\u00f6z\u00e9pkor\u00faak egyar\u00e1nt hallhassanak Krisztus munk\u00e1j\u00e1r\u00f3l, megtapasztalj\u00e1k azt, \u00e9s lelkileg otthonra tal\u00e1ljanak k\u00f6z\u00f6tt\u00fcnk.<\/p>\n\n\n\n<p class=\"has-black-color has-text-color\"><strong><em>Schaller Tam\u00e1s<\/em><\/strong><br><strong><em>Lelkip\u00e1sztor<\/em><\/strong><\/p>\n","protected":false},"excerpt":{"rendered":"<p>\u00c1ld\u00e1ss\u00e1 lenni a vil\u00e1gnak. \u201cAz\u00e9rt j\u00f6tt az Embernek Fia, hogy megkeresse \u00e9s megtartsa az elveszettet.\u201d Luk\u00e1cs 19,10 Szeretettel k\u00f6sz\u00f6ntj\u00fck a Monor-Nagytemplomi Reform\u00e1tus Gy\u00fclekezet nev\u00e9ben. K\u00f6sz\u00f6nj\u00fck, hogy id\u0151t sz\u00e1n r\u00e1nk. Abban a korban, amikor kapcsolataink csal\u00e1dtagjainkkal, munkat\u00e1rsainkkal, bar\u00e1tainkkal \u00e9s Istennel is v\u00e1ls\u00e1gon megy \u00e1t, amikor a lelki probl\u00e9m\u00e1k sokszor el\u0151j\u00f6nnek, tudjuk, VAN MEGOLD\u00c1S! K\u00f6z\u00f6ss\u00e9g\u00fcnkben szeretn\u00e9nk, hogy &#8230; <span class=\"more\"><a class=\"more-link\" href=\"https:\/\/monornt.reformatus.hu\/\">[Read more&#8230;]<\/a><\/span><\/p>\n","protected":false},"author":1,"featured_media":0,"parent":0,"menu_order":0,"comment_status":"closed","ping_status":"closed","template":"","meta":{"_monsterinsights_skip_tracking":false,"_monsterinsights_sitenote_active":false,"_monsterinsights_sitenote_note":"","_monsterinsights_sitenote_category":0,"footnotes":""},"class_list":["entry","page","publish","author-monornt","post-249"],"jetpack_sharing_enabled":true,"_links":{"self":[{"href":"https:\/\/monornt.reformatus.hu\/index.php\/wp-json\/wp\/v2\/pages\/249","targetHints":{"allow":["GET"]}}],"collection":[{"href":"https:\/\/monornt.reformatus.hu\/index.php\/wp-json\/wp\/v2\/pages"}],"about":[{"href":"https:\/\/monornt.reformatus.hu\/index.php\/wp-json\/wp\/v2\/types\/page"}],"author":[{"embeddable":true,"href":"https:\/\/monornt.reformatus.hu\/index.php\/wp-json\/wp\/v2\/users\/1"}],"replies":[{"embeddable":true,"href":"https:\/\/monornt.reformatus.hu\/index.php\/wp-json\/wp\/v2\/comments?post=249"}],"version-history":[{"count":7,"href":"https:\/\/monornt.reformatus.hu\/index.php\/wp-json\/wp\/v2\/pages\/249\/revisions"}],"predecessor-version":[{"id":448,"href":"https:\/\/monornt.reformatus.hu\/index.php\/wp-json\/wp\/v2\/pages\/249\/revisions\/448"}],"wp:attachment":[{"href":"https:\/\/monornt.reformatus.hu\/index.php\/wp-json\/wp\/v2\/media?parent=249"}],"curies":[{"name":"wp","href":"https:\/\/api.w.org\/{rel}","templated":true}]}}