{"id":248,"date":"2021-02-09T07:38:01","date_gmt":"2021-02-09T07:38:01","guid":{"rendered":"https:\/\/monornt.reformatus.hu\/wordpress\/?page_id=248"},"modified":"2024-02-09T16:51:15","modified_gmt":"2024-02-09T16:51:15","slug":"temetoi-tudnivalok","status":"publish","type":"page","link":"https:\/\/monornt.reformatus.hu\/index.php\/temetoi-tudnivalok\/","title":{"rendered":"Temet\u0151i tudnival\u00f3k"},"content":{"rendered":"\n<p>Kedves Gy\u00e1szol\u00f3k \u00e9s Eml\u00e9kez\u0151k!<br><br>F\u00e1jdalommal \u00e9s egy\u00fctt\u00e9rz\u00e9ssel vessz\u00fck a h\u00edrt, hogy valamelyik szerett\u00fck elment, vagy m\u00e1r eltelt annyi esztend\u0151 a temet\u00e9s \u00f3ta, hogy \u00fajra kell v\u00e1ltani a s\u00edrhelyet. J\u00e9zus Krisztus \u00f6r\u00f6k b\u00e1tor\u00edt\u00e1s\u00e1t hirdetj\u00fck mi is, \u0150 \u00edgy sz\u00f3l: &#8222;Aki hisz \u00e9nbennem, ha meghal is \u00e9l.&#8221; J\u00e9zus Krisztus orsz\u00e1g\u00e1ban van tov\u00e1bb, \u0150 legy\u0151zte a hal\u00e1lt, mert a harmadik napon felt\u00e1madt. Ezt a vigasztal\u00e1st hirdetj\u00fck mi is a temet\u00e9seken.<\/p>\n\n\n\n<p>A temet\u00e9ssel kapcsolatos \u00fcgyint\u00e9z\u00e9sben a k\u00f6vetkez\u0151ket \u00edrjuk le, seg\u00edts\u00e9g\u00fcl:<\/p>\n\n\n\n<ul class=\"wp-block-list\"><li>A temetkez\u00e9si v\u00e1llalkoz\u00f3val t\u00f6rt\u00e9n\u0151 egyeztet\u00e9s ut\u00e1n a temet\u0151 gondnoka, <strong>V\u00e1rszegi Istv\u00e1n<\/strong> tud tov\u00e1bbi felvil\u00e1gos\u00edt\u00e1st adni a temet\u00e9sekkel kapcsolatban. Telefonsz\u00e1ma: 20\/336-55-38<\/li><li>A temet\u0151 fenntart\u00e1sa \u00e9rdek\u00e9ben a s\u00edrhelyeknek megv\u00e1lt\u00e1si d\u00edjuk van. <\/li><\/ul>\n\n\n\n<p>A 145\/1999 (X.1.) Korm. rendelet temet\u0151kre vonatkoz\u00f3 rendelete \u00e9s a helyi szab\u00e1lyrendelet alapj\u00e1n hirdetj\u00fck: A s\u00edrhelyek megv\u00e1lt\u00e1si ideje kopors\u00f3s temet\u00e9sekn\u00e9l 25 \u00e9v, urn\u00e1s temet\u00e9sekn\u00e9l 10 \u00e9v. A r\u00e9gebben megv\u00e1ltott, lej\u00e1rt megv\u00e1ltatlan s\u00edrhelyek a temet\u0151 rendje szerint felsz\u00e1mol\u00e1sra ker\u00fclhetnek.<\/p>\n\n\n\n<p>K\u00e9rj\u00fck a megv\u00e1lt\u00e1sok rendez\u00e9s\u00e9t ill. a s\u00edrhelymegv\u00e1lt\u00e1si igazol\u00e1sok kik\u00e9r\u00e9s\u00e9t a Monor-Nagytemplomi Reform\u00e1tus Egyh\u00e1zk\u00f6zs\u00e9g lelk\u00e9szi hivatal\u00e1ban, melynek c\u00edme&nbsp;2200 Monor, K\u00e1lvin t\u00e9r 1. tel.: 412-638<\/p>\n\n\n\n<p>Hivatali id\u0151: az &#8222;El\u00e9rhet\u0151s\u00e9g&#8221; men\u00fcpont alatt tal\u00e1lhat\u00f3<\/p>\n\n\n\n<p><strong><u>S\u00edrhely\u00e1rak:<\/u><\/strong><\/p>\n\n\n\n<p>1 szem\u00e9lyes s\u00edrhely\u00a0\u00a0\u00a0\u00a0\u00a0\u00a0\u00a0\u00a0\u00a0\u00a0\u00a0\u00a0\u00a0\u00a0\u00a0\u00a0                                       \u00a030.000.-\u00a0\u00a0\u00a0\/25 \u00e9vre\/<\/p>\n\n\n\n<p>2 szem\u00e9lyes s\u00edrhely\u00a0\u00a0\u00a0\u00a0\u00a0\u00a0\u00a0\u00a0\u00a0\u00a0\u00a0\u00a0\u00a0\u00a0\u00a0\u00a0\u00a0                                       50.000.-\u00a0\u00a0\u00a0\/25 \u00e9vre\/<\/p>\n\n\n\n<p>Urnas\u00edrhely (f\u00f6ldbe elhelyezett urn\u00e1n\u00e1l)                       30.000.-   \/25 \u00e9vre\/<\/p>\n\n\n\n<p>1 szem\u00e9lyes urna kolumb\u00e1rium\u00a0\u00a0\u00a0\u00a0\u00a0                              \u00a020.000.-\u00a0\u00a0\u00a0\/10 \u00e9vre\/<\/p>\n\n\n\n<p>2 szem\u00e9lyes urna kolumb\u00e1rium\u00a0\u00a0\u00a0\u00a0\u00a0\u00a0                              40.000.-\u00a0\u00a0\u00a0\/10 \u00e9vre\/<\/p>\n\n\n\n<p>S\u00edrhelyek \u00fajrav\u00e1lt\u00e1sa megegyezik a s\u00edrhelyek d\u00edj\u00e1val. Egyh\u00e1ztagokt\u00f3l a d\u00edjak fel\u00e9t k\u00e9rj\u00fck.<\/p>\n\n\n\n<ul class=\"wp-block-list\"><li>A monori reform\u00e1tus temet\u0151 a Monor-Nagytemplomi Reform\u00e1tus Egyh\u00e1zk\u00f6zs\u00e9g tulajdona, de Monor V\u00e1ros az \u00fczemeltet\u0151je. B\u00e1rmilyen \u00fczemeltet\u00e9si k\u00e9rd\u00e9sben vagy panaszbejelent\u00e9sben keress\u00e9k az illet\u00e9kes hat\u00f3s\u00e1gokat. E-mail el\u00e9rhet\u0151s\u00e9g: <a href=\"mailto:temeto@kovalzrt.hu\">temeto@kovalzrt.hu<\/a><\/li><\/ul>\n","protected":false},"excerpt":{"rendered":"<p>Kedves Gy\u00e1szol\u00f3k \u00e9s Eml\u00e9kez\u0151k! F\u00e1jdalommal \u00e9s egy\u00fctt\u00e9rz\u00e9ssel vessz\u00fck a h\u00edrt, hogy valamelyik szerett\u00fck elment, vagy m\u00e1r eltelt annyi esztend\u0151 a temet\u00e9s \u00f3ta, hogy \u00fajra kell v\u00e1ltani a s\u00edrhelyet. J\u00e9zus Krisztus \u00f6r\u00f6k b\u00e1tor\u00edt\u00e1s\u00e1t hirdetj\u00fck mi is, \u0150 \u00edgy sz\u00f3l: &#8222;Aki hisz \u00e9nbennem, ha meghal is \u00e9l.&#8221; J\u00e9zus Krisztus orsz\u00e1g\u00e1ban van tov\u00e1bb, \u0150 legy\u0151zte a hal\u00e1lt, mert &#8230; <span class=\"more\"><a class=\"more-link\" href=\"https:\/\/monornt.reformatus.hu\/index.php\/temetoi-tudnivalok\/\">[Read more&#8230;]<\/a><\/span><\/p>\n","protected":false},"author":1,"featured_media":0,"parent":0,"menu_order":0,"comment_status":"closed","ping_status":"closed","template":"","meta":{"_monsterinsights_skip_tracking":false,"_monsterinsights_sitenote_active":false,"_monsterinsights_sitenote_note":"","_monsterinsights_sitenote_category":0,"footnotes":""},"class_list":["entry","page","publish","author-monornt","post-248"],"jetpack_sharing_enabled":true,"_links":{"self":[{"href":"https:\/\/monornt.reformatus.hu\/index.php\/wp-json\/wp\/v2\/pages\/248","targetHints":{"allow":["GET"]}}],"collection":[{"href":"https:\/\/monornt.reformatus.hu\/index.php\/wp-json\/wp\/v2\/pages"}],"about":[{"href":"https:\/\/monornt.reformatus.hu\/index.php\/wp-json\/wp\/v2\/types\/page"}],"author":[{"embeddable":true,"href":"https:\/\/monornt.reformatus.hu\/index.php\/wp-json\/wp\/v2\/users\/1"}],"replies":[{"embeddable":true,"href":"https:\/\/monornt.reformatus.hu\/index.php\/wp-json\/wp\/v2\/comments?post=248"}],"version-history":[{"count":8,"href":"https:\/\/monornt.reformatus.hu\/index.php\/wp-json\/wp\/v2\/pages\/248\/revisions"}],"predecessor-version":[{"id":672,"href":"https:\/\/monornt.reformatus.hu\/index.php\/wp-json\/wp\/v2\/pages\/248\/revisions\/672"}],"wp:attachment":[{"href":"https:\/\/monornt.reformatus.hu\/index.php\/wp-json\/wp\/v2\/media?parent=248"}],"curies":[{"name":"wp","href":"https:\/\/api.w.org\/{rel}","templated":true}]}}