{"id":242,"date":"2021-02-09T07:38:01","date_gmt":"2021-02-09T07:38:01","guid":{"rendered":"https:\/\/monornt.reformatus.hu\/wordpress\/?page_id=242"},"modified":"2026-04-12T07:45:50","modified_gmt":"2026-04-12T07:45:50","slug":"igehirdetesek","status":"publish","type":"page","link":"https:\/\/monornt.reformatus.hu\/index.php\/igehirdetesek\/","title":{"rendered":"Igehirdet\u00e9sek"},"content":{"rendered":"\n<figure class=\"wp-block-embed aligncenter is-type-video is-provider-youtube wp-block-embed-youtube wp-embed-aspect-4-3 wp-has-aspect-ratio\"><div class=\"wp-block-embed__wrapper\">\n<iframe loading=\"lazy\" title=\"Istentisztelet a monori reform\u00e1tus nagytemplomb\u00f3l. 2026. \u00e1prilis 12-\u00e9n.\" width=\"700\" height=\"525\" src=\"https:\/\/www.youtube.com\/embed\/EhIA0Kemw5I?feature=oembed\" frameborder=\"0\" allow=\"accelerometer; autoplay; clipboard-write; encrypted-media; gyroscope; picture-in-picture; web-share\" referrerpolicy=\"strict-origin-when-cross-origin\" allowfullscreen><\/iframe>\n<\/div><\/figure>\n\n\n\n<p class=\"has-medium-font-size\">Kedves L\u00e1togat\u00f3!<br>Ezen az oldalon a monori reform\u00e1tus nagytemplomban elhangzott igehirdet\u00e9seket tekintheti meg. Mindig az aktu\u00e1lis istentisztelet anyag\u00e1t jelen\u00edtj\u00fck meg oldalunkon.<br>A 2006 \u00e9s 2021 k\u00f6z\u00f6tt elhangzott arch\u00edv\u00e1lt igehirdet\u00e9sek\u00e9rt k\u00e9rj\u00fck, \u00e9rdekl\u0151dj\u00f6n a Lelk\u00e9szi Hivatalban!<br>2020. m\u00e1rcius 22-t\u0151l a gy\u00fclekezet\u00fcnk Facebook csoportj\u00e1ban \u00e9l\u0151ben k\u00f6zvet\u00edtett\u00fck az igehirdet\u00e9seket. Ezekhez, k\u00e9rj\u00fck kattintson <a href=\"https:\/\/www.facebook.com\/groups\/396484347085118\">IDE.<\/a><\/p>\n\n\n\n<figure class=\"wp-block-embed is-provider-facebook wp-block-embed-facebook\"><div class=\"wp-block-embed__wrapper\">\nhttps:\/\/www.facebook.com\/share\/v\/19DZosqGrD\n<\/div><\/figure>\n","protected":false},"excerpt":{"rendered":"<p>Kedves L\u00e1togat\u00f3!Ezen az oldalon a monori reform\u00e1tus nagytemplomban elhangzott igehirdet\u00e9seket tekintheti meg. Mindig az aktu\u00e1lis istentisztelet anyag\u00e1t jelen\u00edtj\u00fck meg oldalunkon.A 2006 \u00e9s 2021 k\u00f6z\u00f6tt elhangzott arch\u00edv\u00e1lt igehirdet\u00e9sek\u00e9rt k\u00e9rj\u00fck, \u00e9rdekl\u0151dj\u00f6n a Lelk\u00e9szi Hivatalban!2020. m\u00e1rcius 22-t\u0151l a gy\u00fclekezet\u00fcnk Facebook csoportj\u00e1ban \u00e9l\u0151ben k\u00f6zvet\u00edtett\u00fck az igehirdet\u00e9seket. Ezekhez, k\u00e9rj\u00fck kattintson IDE.<\/p>\n","protected":false},"author":1,"featured_media":0,"parent":0,"menu_order":0,"comment_status":"closed","ping_status":"closed","template":"","meta":{"_monsterinsights_skip_tracking":false,"_monsterinsights_sitenote_active":false,"_monsterinsights_sitenote_note":"","_monsterinsights_sitenote_category":0,"footnotes":""},"class_list":["entry","page","publish","author-monornt","post-242"],"jetpack_sharing_enabled":true,"_links":{"self":[{"href":"https:\/\/monornt.reformatus.hu\/index.php\/wp-json\/wp\/v2\/pages\/242","targetHints":{"allow":["GET"]}}],"collection":[{"href":"https:\/\/monornt.reformatus.hu\/index.php\/wp-json\/wp\/v2\/pages"}],"about":[{"href":"https:\/\/monornt.reformatus.hu\/index.php\/wp-json\/wp\/v2\/types\/page"}],"author":[{"embeddable":true,"href":"https:\/\/monornt.reformatus.hu\/index.php\/wp-json\/wp\/v2\/users\/1"}],"replies":[{"embeddable":true,"href":"https:\/\/monornt.reformatus.hu\/index.php\/wp-json\/wp\/v2\/comments?post=242"}],"version-history":[{"count":194,"href":"https:\/\/monornt.reformatus.hu\/index.php\/wp-json\/wp\/v2\/pages\/242\/revisions"}],"predecessor-version":[{"id":809,"href":"https:\/\/monornt.reformatus.hu\/index.php\/wp-json\/wp\/v2\/pages\/242\/revisions\/809"}],"wp:attachment":[{"href":"https:\/\/monornt.reformatus.hu\/index.php\/wp-json\/wp\/v2\/media?parent=242"}],"curies":[{"name":"wp","href":"https:\/\/api.w.org\/{rel}","templated":true}]}}