{"id":167,"date":"2024-01-01T19:24:00","date_gmt":"2024-01-01T19:24:00","guid":{"rendered":"https:\/\/monornt.reformatus.hu\/wordpress\/?page_id=167"},"modified":"2023-12-15T07:27:07","modified_gmt":"2023-12-15T07:27:07","slug":"presbitereink","status":"publish","type":"page","link":"https:\/\/monornt.reformatus.hu\/index.php\/gyulekezetrol\/presbitereink\/","title":{"rendered":"Presbit\u00e9rium"},"content":{"rendered":"\n<p class=\"has-black-color has-text-color\"><strong>F\u0151gondnok: <\/strong>Demk\u00f3 Kriszti\u00e1n<\/p>\n\n\n\n<p class=\"has-black-color has-text-color\"><strong>Presbiterek:<\/strong><\/p>\n\n\n\n<p>Aranyi Botond<\/p>\n\n\n\n<p>Aranyi S\u00e1ndor<\/p>\n\n\n\n<p>Aranyi S\u00e1ndor, ifj.<\/p>\n\n\n\n<p>Artzt S\u00e1ndor<\/p>\n\n\n\n<p>Bodrogk\u00f6zi Gerg\u0151<\/p>\n\n\n\n<p>B\u00f3ka J\u00e1nos<\/p>\n\n\n\n<p>Burj\u00e1n J\u00f3zsef<\/p>\n\n\n\n<p>Burj\u00e1n J\u00f3zsef, ifj.<\/p>\n\n\n\n<p>Burj\u00e1n P\u00e9ter<\/p>\n\n\n\n<p>Csuzi Szabolcs<\/p>\n\n\n\n<p>Dr. Nagy P\u00e9ter<\/p>\n\n\n\n<p>Dr. Zs\u00e9dely Ferenc<\/p>\n\n\n\n<p>Erdei Andr\u00e1s<\/p>\n\n\n\n<p>Feny\u0151v\u00e1ri Zolt\u00e1n<\/p>\n\n\n\n<p>Gomola Gerg\u0151<\/p>\n\n\n\n<p>Horny\u00e1k D\u00e1vid<\/p>\n\n\n\n<p>Kampfl M\u00e1rk<\/p>\n\n\n\n<p>K\u00e9ri Andr\u00e1s<\/p>\n\n\n\n<p>Kisp\u00e1l G\u00e1bor<\/p>\n\n\n\n<p>Koncz Tibor<\/p>\n\n\n\n<p>Kov\u00e1cs G\u00e1bor<\/p>\n\n\n\n<p>Kov\u00e1cs Istv\u00e1n<\/p>\n\n\n\n<p>L\u00f3r\u00e1nt Kriszti\u00e1n<\/p>\n\n\n\n<p>Luk\u00e1csy Zolt\u00e1n<\/p>\n\n\n\n<p>Mosoni G\u00e1bor<\/p>\n\n\n\n<p>P\u00e1ncz\u00e9l J\u00f3zsef<\/p>\n\n\n\n<p>P\u0151cze P\u00e9ter<\/p>\n\n\n\n<p>Soh\u00e1r J\u00f3zsef<\/p>\n\n\n\n<p>Sz\u0151nyi Attila<\/p>\n\n\n\n<p>Sz\u0171cs Csaba<\/p>\n\n\n\n<p>T\u00e1trai L\u00e1szl\u00f3<\/p>\n\n\n\n<p>T\u00f3th Istv\u00e1n<\/p>\n\n\n\n<p>T\u00f3th M\u00e1t\u00e9<\/p>\n\n\n\n<p>T\u0151k\u00e9s R\u00f3bert<\/p>\n\n\n\n<p>Varga Ferenc<\/p>\n\n\n\n<p>Vas Ferenc<\/p>\n\n\n\n<p>V\u00e9kei Andr\u00e1s<\/p>\n\n\n\n<p>V\u00e9kei G\u00e1bor<\/p>\n\n\n\n<p>Vlad\u00e1r Zolt\u00e1n<\/p>\n\n\n\n<p class=\"has-black-color has-text-color\"><strong>P\u00f3tpresbiterek:<\/strong><\/p>\n\n\n\n<p>Acsai Bal\u00e1zs<\/p>\n\n\n\n<p>Boros M\u00e1t\u00e9<\/p>\n\n\n\n<p>Figur G\u00e1bor<\/p>\n\n\n\n<p>Kov\u00e1cs M\u00e1rton<\/p>\n\n\n\n<p>M\u00e9h\u00e9sz Zolt\u00e1n<\/p>\n\n\n\n<p>Moln\u00e1r Attila<\/p>\n\n\n\n<p>Mosoni Martin<\/p>\n\n\n\n<p>Simon Mih\u00e1ly<\/p>\n\n\n\n<p>Sz\u0171cs Zolt\u00e1n<\/p>\n\n\n\n<p>Varga Szabolcs<\/p>\n","protected":false},"excerpt":{"rendered":"<p>F\u0151gondnok: Demk\u00f3 Kriszti\u00e1n Presbiterek: Aranyi Botond Aranyi S\u00e1ndor Aranyi S\u00e1ndor, ifj. Artzt S\u00e1ndor Bodrogk\u00f6zi Gerg\u0151 B\u00f3ka J\u00e1nos Burj\u00e1n J\u00f3zsef Burj\u00e1n J\u00f3zsef, ifj. Burj\u00e1n P\u00e9ter Csuzi Szabolcs Dr. Nagy P\u00e9ter Dr. Zs\u00e9dely Ferenc Erdei Andr\u00e1s Feny\u0151v\u00e1ri Zolt\u00e1n Gomola Gerg\u0151 Horny\u00e1k D\u00e1vid Kampfl M\u00e1rk K\u00e9ri Andr\u00e1s Kisp\u00e1l G\u00e1bor Koncz Tibor Kov\u00e1cs G\u00e1bor Kov\u00e1cs Istv\u00e1n L\u00f3r\u00e1nt Kriszti\u00e1n Luk\u00e1csy &#8230; <span class=\"more\"><a class=\"more-link\" href=\"https:\/\/monornt.reformatus.hu\/index.php\/gyulekezetrol\/presbitereink\/\">[Read more&#8230;]<\/a><\/span><\/p>\n","protected":false},"author":1,"featured_media":0,"parent":161,"menu_order":2,"comment_status":"closed","ping_status":"closed","template":"","meta":{"_monsterinsights_skip_tracking":false,"_monsterinsights_sitenote_active":false,"_monsterinsights_sitenote_note":"","_monsterinsights_sitenote_category":0,"footnotes":""},"class_list":["entry","page","publish","author-monornt","post-167"],"jetpack_sharing_enabled":true,"_links":{"self":[{"href":"https:\/\/monornt.reformatus.hu\/index.php\/wp-json\/wp\/v2\/pages\/167","targetHints":{"allow":["GET"]}}],"collection":[{"href":"https:\/\/monornt.reformatus.hu\/index.php\/wp-json\/wp\/v2\/pages"}],"about":[{"href":"https:\/\/monornt.reformatus.hu\/index.php\/wp-json\/wp\/v2\/types\/page"}],"author":[{"embeddable":true,"href":"https:\/\/monornt.reformatus.hu\/index.php\/wp-json\/wp\/v2\/users\/1"}],"replies":[{"embeddable":true,"href":"https:\/\/monornt.reformatus.hu\/index.php\/wp-json\/wp\/v2\/comments?post=167"}],"version-history":[{"count":4,"href":"https:\/\/monornt.reformatus.hu\/index.php\/wp-json\/wp\/v2\/pages\/167\/revisions"}],"predecessor-version":[{"id":653,"href":"https:\/\/monornt.reformatus.hu\/index.php\/wp-json\/wp\/v2\/pages\/167\/revisions\/653"}],"up":[{"embeddable":true,"href":"https:\/\/monornt.reformatus.hu\/index.php\/wp-json\/wp\/v2\/pages\/161"}],"wp:attachment":[{"href":"https:\/\/monornt.reformatus.hu\/index.php\/wp-json\/wp\/v2\/media?parent=167"}],"curies":[{"name":"wp","href":"https:\/\/api.w.org\/{rel}","templated":true}]}}