{"id":164,"date":"2019-09-29T19:06:16","date_gmt":"2019-09-29T19:06:16","guid":{"rendered":"https:\/\/monornt.reformatus.hu\/wordpress\/?page_id=164"},"modified":"2021-05-26T07:53:54","modified_gmt":"2021-05-26T07:53:54","slug":"tortenet","status":"publish","type":"page","link":"https:\/\/monornt.reformatus.hu\/index.php\/gyulekezetrol\/tortenet\/","title":{"rendered":"T\u00f6rt\u00e9net"},"content":{"rendered":"\n<p>\u00a0Monor f\u0151utc\u00e1j\u00e1n, a Kossuth Lajos utca k\u00e9t oldal\u00e1n egym\u00e1ssal szemben \u00e1ll a hasonl\u00f3 m\u00e9ret\u0171, impoz\u00e1ns reform\u00e1tus \u00e9s r\u00f3mai katolikus templom. Az impoz\u00e1ns, klassziciz\u00e1l\u00f3 k\u00e9s\u0151barokk\u00a0templom a v\u00e1ros egyik leg\u00e9rt\u00e9kesebb \u00e9p\u00fclete, m\u0171eml\u00e9k jelleg\u0171. \u00c9szaknyugat-d\u00e9lkeleti tengelyben \u00e9p\u00fclt, f\u0151homlokzata \u00e9szaknyugat fel\u00e9 n\u00e9z.<br>\u00a0\u00a0\u00a0 A telep\u00fcl\u00e9s els\u0151 temploma a mai reform\u00e1tus templom hely\u00e9n \u00e1llt, 1401-ben eml\u00edti el\u0151sz\u00f6r oklev\u00e9l. A k\u00f6z\u00e9pkori templomot Szent Gy\u00f6rgy tisztelet\u00e9re szentelt\u00e9k. A t\u00f6r\u00f6k igen jelent\u0151s puszt\u00edt\u00e1sokat v\u00e9gzett ezen a ter\u00fcleten, ez\u00e9rt a 16. sz\u00e1zadban eln\u00e9ptelenedett. Az els\u0151 lakosok csak a 17. sz\u00e1zad elej\u00e9n kezdtek visszatelepedni, t\u00f6megesen a 17. sz\u00e1zad 20-as \u00e9veiben \u00e9rkeztek. A hazat\u00e9rt lakoss\u00e1g k\u00e1lvini hitre t\u00e9rt \u00e1t, \u00edgy a telep\u00fcl\u00e9s k\u00f6z\u00e9pkori, j\u00f3 \u00e1llapotban l\u00e9v\u0151 temploma is e felekezet tulajdona lett. Szent\u00e9ly\u00e9t \u00e9s sekresty\u00e9j\u00e9t, mint a reform\u00e1tus liturgi\u00e1hoz f\u00f6l\u00f6sleges helyis\u00e9geket, elbontott\u00e1k. A monori reform\u00e1tus egyh\u00e1z els\u0151 templom\u00e1t visszaeml\u00e9kez\u00e9sek szerint 1630 k\u00f6r\u00fcl \u00e9p\u00edthett\u00e9k.<br><br>\u00a0\u00a0\u00a0 1683-ban a t\u00f6r\u00f6k ki\u0171z\u00e9s\u00e9re ir\u00e1nyul\u00f3 hadm\u0171veletek miatt ism\u00e9t eln\u00e9ptelenedett a k\u00f6zs\u00e9g, \u00e9s csak a sz\u00e1zad v\u00e9g\u00e9re n\u00e9pes\u00fclt be ism\u00e9t. A templomot romos, megviselt \u00e1llapotban tal\u00e1lt\u00e1k. Eredetileg a r\u00e9gi istenh\u00e1zat szerett\u00e9k volna helyre\u00e1ll\u00edtani, ez azonban a lakoss\u00e1g n\u00f6veked\u00e9s\u00e9vel kicsinek bizonyult. \u00daj templom \u00e9p\u00edt\u00e9s\u00e9be kezdtek a r\u00e9gi k\u00f6veinek felhaszn\u00e1l\u00e1s\u00e1val. 1702-re k\u00e9sz\u00fclt el az eredetin\u00e9l t\u00e1gasabb belsej\u0171 \u00e9p\u00fclet, melyet k\u00e9tszer renov\u00e1ltak.<br><br>\u00a0\u00a0\u00a0 Torny\u00e1t 1761-ben lebontott\u00e1k, \u00fajat \u00e9p\u00edtettek helyette. A k\u00f6vetkez\u0151 nagyszab\u00e1s\u00fa \u00e1talak\u00edt\u00e1s 1773-ban t\u00f6rt\u00e9net Mayerhoffer J\u00e1nos tervei szerint, barokk st\u00edlusban, d\u00e9lkeleti ir\u00e1nyban toldott\u00e1k meg, ezen k\u00edv\u00fcl t\u00f6bb egy\u00e9b \u00e1talak\u00edt\u00e1st v\u00e9geztek, a tet\u0151 \u00faj zsindelyt kapott, a tornyot ism\u00e9t \u00e1talak\u00edtott\u00e1k. 1795-ben vill\u00e1m csapott a toronyba, ezzel jelent\u0151s k\u00e1rt okozva, szerencs\u00e9re t\u0171z nem keletkezett bel\u0151le. 1801-ben \u00e1talak\u00edtott form\u00e1ban k\u00e9sz\u00fclt el ism\u00e9t a torony. Az utols\u00f3 jelent\u0151s v\u00e1ltoz\u00e1sok 1882-ben t\u00f6rt\u00e9ntek. Ekkor kapta klasszicista \u00e9s eklektikus elemeit. A rengeteg \u00e1talak\u00edt\u00e1s ellen\u00e9re a k\u00fcl\u00f6nb\u00f6z\u0151 st\u00edlusok d\u00edsz\u00edt\u0151elemei j\u00f3l, sz\u00e9pen megf\u00e9rnek egym\u00e1s mellet.<br><br>\u00a0\u00a0\u00a0 \u00c9p\u00fclett\u00f6mbj\u00e9ben kiemelked\u0151 hangs\u00falyt kap a 44 m\u00e9ter magas, n\u00e9gyszintes, d\u00edszes, homlokzati torony. F\u00f6ldszintj\u00e9n a f\u0151bej\u00e1rat ny\u00edlik, szem\u00f6ld\u00f6kp\u00e1rk\u00e1nya f\u00f6l\u00f6tt k\u00e9t t\u00e1bla, az als\u00f3n olvashatjuk: &#8222;\u00c9p\u00fclt 1630-ban&#8221;, m\u00edg a fels\u0151n ez olvashat\u00f3: &#8222;Hiszel-\u00e9 te az Istennek fi\u00e1ban?&#8221;. A m\u00e1sodik szinten f\u00e9lk\u00f6r alak\u00fa ablak van, ami f\u00f6l\u00f6tt a f\u0151p\u00e1rk\u00e1ny \u00e9s m\u00e9g feljebb a hatalmas, klasszicista, fogazattal d\u00edsz\u00edtett timpanon uralkodik, alatta ind\u00e1s d\u00edsz\u00edt\u00e9s van. Eg\u00e9szen a f\u0151p\u00e1rk\u00e1nyig a torony k\u00e9t sz\u00e9l\u00e9n vastag liz\u00e9n\u00e1k \u00e1llnak. A f\u0151homlokzaton, a bej\u00e1rat k\u00e9t oldal\u00e1n sz\u00e9p, d\u00edszes keretben feliratot olvashatunk. A baloldaliban: &#8222;B\u00e9k\u00e9ljetek meg az Istennel&#8221; \/II.Kor.5\/, a jobboldaliban: &#8222;Legyetek egym\u00e1shoz j\u00f3s\u00e1gosak&#8221; \/Ef\u00e9zus 4.32\/. A timpanon felett szegmens\u00edvesen z\u00e1r\u00f3d\u00f3, k\u0151keretes r\u00e1csos ablak van, a torony l\u00e9pcs\u0151h\u00e1z\u00e1nak ablaka, p\u00e1rk\u00e1nyzat v\u00e1lasztja el a harangok szintj\u00e9t\u0151l. A torony harangh\u00e1z\u00e1nak r\u00e1csos, k\u0151keretes ablakai f\u00e9lk\u00f6r\u00edvben z\u00e1r\u00f3dnak, f\u00f6l\u00f6tt\u00fck kisebb timpanon \u00e9s torony\u00f3r\u00e1val felszerelt \u00f3rap\u00e1rk\u00e1ny van. Az ablak alatt k\u0151b\u00e1bos d\u00edsz\u00edt\u00e9st l\u00e1tunk. A torony\u00f3ra koszor\u00faszer\u0171 gy\u0171r\u0171ben helyezkedik el. A d\u00edszes, form\u00e1s toronysisakon az 1630-as \u00e9vsz\u00e1m van, az egyh\u00e1zk\u00f6zs\u00e9g megalap\u00edt\u00e1s\u00e1nak \u00e9v\u00e9re utal. A sz\u00fcrk\u00e9s sz\u00edn\u0171 sisak n\u00e9gy oldal\u00e1n ablakok, cs\u00facs\u00e1n toronygomb \u00e9s csillag van, vill\u00e1mh\u00e1r\u00edt\u00f3val ell\u00e1tva.<br><br>\u00a0\u00a0\u00a0 A templombels\u0151be h\u00e1rom ajt\u00f3 vezet. K\u00f6z\u00fcl\u00fck egy a m\u00e1r eml\u00edtett f\u0151bej\u00e1rat, kett\u0151 pedig a K\u00e1lvin t\u00e9ri oldalr\u00f3l ny\u00edlik. A k\u00e9t oldals\u00f3 bej\u00e1rat kicsi, kiugr\u00f3 szer\u0171 kik\u00e9pz\u00e9st kapott. A kiugr\u00f3k tetej\u00e9n egy-egy csillag van. A templom m\u00e1sik oldalhomlokzat\u00e1n nincsen ajt\u00f3. A sz\u00e9less\u00e9ghez viszony\u00edtva ar\u00e1nytalan hossz\u00fa templomtesten sokf\u00e9le kik\u00e9pz\u00e9s\u0171 ablak van, melyek a templom egys\u00e9gtelen, eklektikus st\u00edlus\u00e1ra utalnak. A K\u00e1lvin t\u00e9r fel\u00f6li (\u00e9szakkeleti) oldalhomlokzaton f\u0151homlokzatt\u00f3l h\u00e1trafel\u00e9 haladva el\u0151sz\u00f6r k\u00e9t r\u00e1csos ablakot l\u00e1tunk, melyek k\u00f6z\u00f6tt v\u00e9kony p\u00e1rk\u00e1ny van, az als\u00f3 szegment\u00edves, a fels\u0151 n\u00e9gyzet alak\u00fa. K\u00f6r alak\u00fa ablakok, majd az els\u0151 kapucsarnok ut\u00e1n k\u00e9t, a m\u00e1sodik kiugr\u00f3 kapuzat ut\u00e1n egy szegment\u00edves, k\u0151keretes \u00fcvegablak k\u00f6vetkezik. A d\u00e9lnyugati oldalon a torony vonal\u00e1ban az \u00e9szakkeletiekhez hasonl\u00f3 szegment\u00edves \u00e9s n\u00e9gyzet alak\u00fa r\u00e1csos ablakok vannak. Ezt egy f\u00e9lig befalazott szegment\u00edves \u00e9s alatta k\u00f6rablak, majd n\u00e9gy szegment\u00edves \u00fcvegablak k\u00f6veti. Ezen oldalhomlokzat v\u00e9g\u00e9n ez el\u0151bb eml\u00edtetthez hasonlatos f\u00e9lig befalazott ablak van, alatta k\u00f6r alak\u00fa ablakkal. Eml\u00edt\u00e9sre m\u00e9lt\u00f3ak m\u00e9g az oldalhomlokzatok nagyj\u00e1b\u00f3l fel\u00e9n\u00e9l elhelyezked\u0151 kisebb \u00e9s a templom par\u00f3kia fel\u0151li sarkain\u00e1l l\u00e9v\u0151 magasabb t\u00e1mpill\u00e9rek. A h\u00e1ts\u00f3 homlokzathoz kisebb kiugr\u00f3b\u00f3l ajt\u00f3 ny\u00edlik. Az \u00e9p\u00fclet d\u00e9lkeleti sark\u00e1n\u00e1l Incz\u00e9di J\u00e1nos pr\u00e9dik\u00e1tor tisztelet\u00e9re eml\u00e9kt\u00e1bla ker\u00fclt elhelyez\u00e9sre. Incz\u00e9di J\u00e1nos a nagy magyar reform\u00e1tus pr\u00e9dik\u00e1torok k\u00f6z\u00e9 tartozik. 1783-ig szolg\u00e1lt itt.<br><br>\u00a0\u00a0\u00a0 Belseje k\u00fclsej\u00e9n\u00e9l j\u00f3val egyszer\u0171bb, purit\u00e1n t\u00e9r, \u00e1m kor\u00e1n sem kicsi. 900 \u00fcl\u0151helye van. Sz\u00e9less\u00e9ge 9, hossza 36 m\u00e9ter. Mennyezete faburkolat\u00fa. Az egyhaj\u00f3s teremtemplom centr\u00e1lis elrendez\u00e9s\u0171. A teret h\u00e1rom oldalr\u00f3l karzat \u00f6vezi, melyek nem egyid\u0151sek a templommal. A fakarzatokat v\u00e9kony, feh\u00e9r oszlopok tartj\u00e1k. A teret megvil\u00e1g\u00edt\u00f3 ablakok \u00fcvegei feh\u00e9r \u00e9s s\u00e1rga sz\u00ednez\u00e9s\u0171ek. Falai, ahogy azt a reform\u00e1tus templombels\u0151kn\u00e9l megszokhattuk, feh\u00e9r sz\u00edn\u0171ek. A toronnyal \u00e1tellenes oldalon l\u00e9v\u0151 karzaton van a templom \u00e9kess\u00e9g\u00e9nek \u00e9s d\u00edsz\u00e9nek mondhat\u00f3 2 manu\u00e1los, 32 regiszteres, Rieger Ott\u00f3 \u00e1ltal 1930-ban k\u00e9sz\u00edtett orgona. Nem a karzat fel\u00e9n\u00e9l, hanem att\u00f3l balra, aszimmetrikusan helyezkedik el az\u00e9rt, hogy a karzat alatt \u00fcl\u0151k is kiv\u00e1l\u00f3an hallhass\u00e1k, m\u00e1sk\u00fcl\u00f6nben a karzat felfogn\u00e1 hangj\u00e1t.<br><\/p>\n","protected":false},"excerpt":{"rendered":"<p>\u00a0Monor f\u0151utc\u00e1j\u00e1n, a Kossuth Lajos utca k\u00e9t oldal\u00e1n egym\u00e1ssal szemben \u00e1ll a hasonl\u00f3 m\u00e9ret\u0171, impoz\u00e1ns reform\u00e1tus \u00e9s r\u00f3mai katolikus templom. Az impoz\u00e1ns, klassziciz\u00e1l\u00f3 k\u00e9s\u0151barokk\u00a0templom a v\u00e1ros egyik leg\u00e9rt\u00e9kesebb \u00e9p\u00fclete, m\u0171eml\u00e9k jelleg\u0171. \u00c9szaknyugat-d\u00e9lkeleti tengelyben \u00e9p\u00fclt, f\u0151homlokzata \u00e9szaknyugat fel\u00e9 n\u00e9z.\u00a0\u00a0\u00a0 A telep\u00fcl\u00e9s els\u0151 temploma a mai reform\u00e1tus templom hely\u00e9n \u00e1llt, 1401-ben eml\u00edti el\u0151sz\u00f6r oklev\u00e9l. A k\u00f6z\u00e9pkori templomot &#8230; <span class=\"more\"><a class=\"more-link\" href=\"https:\/\/monornt.reformatus.hu\/index.php\/gyulekezetrol\/tortenet\/\">[Read more&#8230;]<\/a><\/span><\/p>\n","protected":false},"author":2,"featured_media":0,"parent":161,"menu_order":2,"comment_status":"closed","ping_status":"closed","template":"","meta":{"_monsterinsights_skip_tracking":false,"_monsterinsights_sitenote_active":false,"_monsterinsights_sitenote_note":"","_monsterinsights_sitenote_category":0,"footnotes":""},"class_list":["entry","page","publish","author-baranyzoltan","post-164"],"jetpack_sharing_enabled":true,"_links":{"self":[{"href":"https:\/\/monornt.reformatus.hu\/index.php\/wp-json\/wp\/v2\/pages\/164","targetHints":{"allow":["GET"]}}],"collection":[{"href":"https:\/\/monornt.reformatus.hu\/index.php\/wp-json\/wp\/v2\/pages"}],"about":[{"href":"https:\/\/monornt.reformatus.hu\/index.php\/wp-json\/wp\/v2\/types\/page"}],"author":[{"embeddable":true,"href":"https:\/\/monornt.reformatus.hu\/index.php\/wp-json\/wp\/v2\/users\/2"}],"replies":[{"embeddable":true,"href":"https:\/\/monornt.reformatus.hu\/index.php\/wp-json\/wp\/v2\/comments?post=164"}],"version-history":[{"count":3,"href":"https:\/\/monornt.reformatus.hu\/index.php\/wp-json\/wp\/v2\/pages\/164\/revisions"}],"predecessor-version":[{"id":361,"href":"https:\/\/monornt.reformatus.hu\/index.php\/wp-json\/wp\/v2\/pages\/164\/revisions\/361"}],"up":[{"embeddable":true,"href":"https:\/\/monornt.reformatus.hu\/index.php\/wp-json\/wp\/v2\/pages\/161"}],"wp:attachment":[{"href":"https:\/\/monornt.reformatus.hu\/index.php\/wp-json\/wp\/v2\/media?parent=164"}],"curies":[{"name":"wp","href":"https:\/\/api.w.org\/{rel}","templated":true}]}}