{"id":161,"date":"2019-09-29T19:05:00","date_gmt":"2019-09-29T19:05:00","guid":{"rendered":"https:\/\/monornt.reformatus.hu\/wordpress\/?page_id=161"},"modified":"2022-01-25T15:58:22","modified_gmt":"2022-01-25T15:58:22","slug":"gyulekezetrol","status":"publish","type":"page","link":"https:\/\/monornt.reformatus.hu\/index.php\/gyulekezetrol\/","title":{"rendered":"Gy\u00fclekezetr\u0151l"},"content":{"rendered":"\n<p><strong>V\u00e1laszthat\u00f3 men\u00fcpontok:<\/strong><\/p>\n\n\n\n<ul class=\"wp-block-list\"><li><strong><a href=\"https:\/\/monornt.reformatus.hu\/index.php\/misszio\/\" data-type=\"URL\" data-id=\"https:\/\/monornt.reformatus.hu\/index.php\/misszio\/\">Misszi\u00f3<\/a><\/strong><\/li><li><strong><a href=\"https:\/\/monornt.reformatus.hu\/index.php\/szeretetszolgalat\/\" data-type=\"URL\" data-id=\"https:\/\/monornt.reformatus.hu\/index.php\/szeretetszolgalat\/\">Szeretetszolg\u00e1lat<\/a><\/strong><\/li><li><strong><a href=\"https:\/\/monornt.reformatus.hu\/index.php\/temetoi-tudnivalok\/\" data-type=\"URL\" data-id=\"https:\/\/monornt.reformatus.hu\/index.php\/temetoi-tudnivalok\/\">Temet\u0151i tudnival\u00f3k<\/a><\/strong><\/li><li><strong><a href=\"https:\/\/monornt.reformatus.hu\/index.php\/gyulekezetrol\/presbitereink\/\">Presbit\u00e9rium<\/a><\/strong><\/li><li><strong><a href=\"https:\/\/monornt.reformatus.hu\/index.php\/gyulekezetrol\/tortenet\/\" data-type=\"URL\" data-id=\"https:\/\/monornt.reformatus.hu\/index.php\/gyulekezetrol\/tortenet\/\">T\u00f6rt\u00e9net<\/a><\/strong><\/li><\/ul>\n","protected":false},"excerpt":{"rendered":"<p>V\u00e1laszthat\u00f3 men\u00fcpontok: Misszi\u00f3 Szeretetszolg\u00e1lat Temet\u0151i tudnival\u00f3k Presbit\u00e9rium T\u00f6rt\u00e9net<\/p>\n","protected":false},"author":2,"featured_media":0,"parent":0,"menu_order":1,"comment_status":"closed","ping_status":"closed","template":"","meta":{"_monsterinsights_skip_tracking":false,"_monsterinsights_sitenote_active":false,"_monsterinsights_sitenote_note":"","_monsterinsights_sitenote_category":0,"footnotes":""},"class_list":["entry","page","publish","author-baranyzoltan","post-161"],"jetpack_sharing_enabled":true,"_links":{"self":[{"href":"https:\/\/monornt.reformatus.hu\/index.php\/wp-json\/wp\/v2\/pages\/161","targetHints":{"allow":["GET"]}}],"collection":[{"href":"https:\/\/monornt.reformatus.hu\/index.php\/wp-json\/wp\/v2\/pages"}],"about":[{"href":"https:\/\/monornt.reformatus.hu\/index.php\/wp-json\/wp\/v2\/types\/page"}],"author":[{"embeddable":true,"href":"https:\/\/monornt.reformatus.hu\/index.php\/wp-json\/wp\/v2\/users\/2"}],"replies":[{"embeddable":true,"href":"https:\/\/monornt.reformatus.hu\/index.php\/wp-json\/wp\/v2\/comments?post=161"}],"version-history":[{"count":4,"href":"https:\/\/monornt.reformatus.hu\/index.php\/wp-json\/wp\/v2\/pages\/161\/revisions"}],"predecessor-version":[{"id":452,"href":"https:\/\/monornt.reformatus.hu\/index.php\/wp-json\/wp\/v2\/pages\/161\/revisions\/452"}],"wp:attachment":[{"href":"https:\/\/monornt.reformatus.hu\/index.php\/wp-json\/wp\/v2\/media?parent=161"}],"curies":[{"name":"wp","href":"https:\/\/api.w.org\/{rel}","templated":true}]}}